{"id":689,"date":"2019-01-13T18:35:37","date_gmt":"2019-01-13T18:35:37","guid":{"rendered":"http:\/\/sherichang.com\/?page_id=689"},"modified":"2023-07-06T04:58:00","modified_gmt":"2023-07-06T04:58:00","slug":"concept","status":"publish","type":"page","link":"https:\/\/sherichang.com\/?page_id=689","title":{"rendered":"A propos"},"content":{"rendered":"\n<figure class=\"wp-block-image size-large\"><img decoding=\"async\" loading=\"lazy\" width=\"1024\" height=\"680\" src=\"https:\/\/sherichang.com\/wp-content\/uploads\/2023\/07\/DSC_0641-1024x680.jpg\" alt=\"\" class=\"wp-image-1122\" srcset=\"https:\/\/sherichang.com\/wp-content\/uploads\/2023\/07\/DSC_0641-1024x680.jpg 1024w, https:\/\/sherichang.com\/wp-content\/uploads\/2023\/07\/DSC_0641-600x399.jpg 600w, https:\/\/sherichang.com\/wp-content\/uploads\/2023\/07\/DSC_0641-768x510.jpg 768w, https:\/\/sherichang.com\/wp-content\/uploads\/2023\/07\/DSC_0641-1536x1020.jpg 1536w, https:\/\/sherichang.com\/wp-content\/uploads\/2023\/07\/DSC_0641-2048x1360.jpg 2048w, https:\/\/sherichang.com\/wp-content\/uploads\/2023\/07\/DSC_0641-500x332.jpg 500w, https:\/\/sherichang.com\/wp-content\/uploads\/2023\/07\/DSC_0641-800x531.jpg 800w, https:\/\/sherichang.com\/wp-content\/uploads\/2023\/07\/DSC_0641-1280x850.jpg 1280w, https:\/\/sherichang.com\/wp-content\/uploads\/2023\/07\/DSC_0641-1920x1275.jpg 1920w\" sizes=\"(max-width: 1024px) 100vw, 1024px\" \/><\/figure>\n\n\n\n<p>Je crois \u00e0 l\u2019id\u00e9e qu\u2019il suffit de peu pour faire quelque chose de beau.<\/p>\n\n\n\n<p>J\u2019adopte une d\u00e9marche radicale en cherchant \u00e0 ma\u00eetriser le plus possible les techniques jusqu\u2019\u00e0 leur source, pour pouvoir retirer le superflus, ne conserver que ce qui fait sens. <\/p>\n\n\n\n<p>Ne pas d\u00e9grader nos ressources, ne pas gaspiller, vivre en symbiose, retrouver ses racines.<\/p>\n","protected":false},"excerpt":{"rendered":"<p>Je crois \u00e0 l\u2019id\u00e9e qu\u2019il suffit de peu pour faire quelque chose de beau. J\u2019adopte une d\u00e9marche radicale en cherchant&hellip;<\/p>\n","protected":false},"author":1,"featured_media":0,"parent":0,"menu_order":0,"comment_status":"closed","ping_status":"closed","template":"","meta":{"_vp_format_video_url":"","_vp_image_focal_point":[]},"_links":{"self":[{"href":"https:\/\/sherichang.com\/index.php?rest_route=\/wp\/v2\/pages\/689"}],"collection":[{"href":"https:\/\/sherichang.com\/index.php?rest_route=\/wp\/v2\/pages"}],"about":[{"href":"https:\/\/sherichang.com\/index.php?rest_route=\/wp\/v2\/types\/page"}],"author":[{"embeddable":true,"href":"https:\/\/sherichang.com\/index.php?rest_route=\/wp\/v2\/users\/1"}],"replies":[{"embeddable":true,"href":"https:\/\/sherichang.com\/index.php?rest_route=%2Fwp%2Fv2%2Fcomments&post=689"}],"version-history":[{"count":21,"href":"https:\/\/sherichang.com\/index.php?rest_route=\/wp\/v2\/pages\/689\/revisions"}],"predecessor-version":[{"id":1134,"href":"https:\/\/sherichang.com\/index.php?rest_route=\/wp\/v2\/pages\/689\/revisions\/1134"}],"wp:attachment":[{"href":"https:\/\/sherichang.com\/index.php?rest_route=%2Fwp%2Fv2%2Fmedia&parent=689"}],"curies":[{"name":"wp","href":"https:\/\/api.w.org\/{rel}","templated":true}]}}