{"id":6,"date":"2017-10-21T12:22:22","date_gmt":"2017-10-21T12:22:22","guid":{"rendered":"http:\/\/sherichang.mangosinge.synology.me\/?page_id=6"},"modified":"2020-07-05T20:42:45","modified_gmt":"2020-07-05T20:42:45","slug":"contact","status":"publish","type":"page","link":"https:\/\/sherichang.com\/?page_id=6","title":{"rendered":"Contact"},"content":{"rendered":"<h1>Contact<\/h1>\n<p>Vous avez une id\u00e9e ou un th\u00e8me \u00e0 d\u00e9velopper? Ou simplement une question?<br \/>\nN&#8217;h\u00e9sitez pas \u00e0 me contacter<\/p>\n<p>\u00e0 l&#8217;adresse:\u00a0<span style=\"text-decoration: underline;\"><a href=\"mailto:contact@sherichang.com\">contact@sherichang.com<\/a><\/span><\/p>\n","protected":false},"excerpt":{"rendered":"<p>Contact Vous avez une id\u00e9e ou un th\u00e8me \u00e0 d\u00e9velopper? Ou simplement une question? N&#8217;h\u00e9sitez pas \u00e0 me contacter \u00e0&hellip;<\/p>\n","protected":false},"author":1,"featured_media":0,"parent":0,"menu_order":0,"comment_status":"closed","ping_status":"closed","template":"","meta":{"_vp_format_video_url":"","_vp_image_focal_point":[]},"_links":{"self":[{"href":"https:\/\/sherichang.com\/index.php?rest_route=\/wp\/v2\/pages\/6"}],"collection":[{"href":"https:\/\/sherichang.com\/index.php?rest_route=\/wp\/v2\/pages"}],"about":[{"href":"https:\/\/sherichang.com\/index.php?rest_route=\/wp\/v2\/types\/page"}],"author":[{"embeddable":true,"href":"https:\/\/sherichang.com\/index.php?rest_route=\/wp\/v2\/users\/1"}],"replies":[{"embeddable":true,"href":"https:\/\/sherichang.com\/index.php?rest_route=%2Fwp%2Fv2%2Fcomments&post=6"}],"version-history":[{"count":15,"href":"https:\/\/sherichang.com\/index.php?rest_route=\/wp\/v2\/pages\/6\/revisions"}],"predecessor-version":[{"id":1076,"href":"https:\/\/sherichang.com\/index.php?rest_route=\/wp\/v2\/pages\/6\/revisions\/1076"}],"wp:attachment":[{"href":"https:\/\/sherichang.com\/index.php?rest_route=%2Fwp%2Fv2%2Fmedia&parent=6"}],"curies":[{"name":"wp","href":"https:\/\/api.w.org\/{rel}","templated":true}]}}