{"id":1135,"date":"2023-07-06T21:19:38","date_gmt":"2023-07-06T21:19:38","guid":{"rendered":"http:\/\/sherichang.com\/?page_id=1135"},"modified":"2023-07-09T11:11:04","modified_gmt":"2023-07-09T11:11:04","slug":"realisations","status":"publish","type":"page","link":"https:\/\/sherichang.com\/?page_id=1135","title":{"rendered":"R\u00e9alisations"},"content":{"rendered":"\n<div class=\"wp-block-group is-layout-flow\"><div class=\"wp-block-group__inner-container\">\n<div class=\"wp-block-group is-layout-flow\"><div class=\"wp-block-group__inner-container\">\n<h2 class=\"wp-block-heading\">Expositions \u00e0 l&#8217;Office de Tourisme de Nanterre<\/h2>\n\n\n\n<figure class=\"wp-block-gallery has-nested-images columns-default is-cropped wp-block-gallery-1 is-layout-flex\">\n<figure class=\"wp-block-image size-medium\"><a href=\"https:\/\/sherichang.com\/wp-content\/uploads\/2020\/07\/DSC_0133_resized-rotated-e1593727270635.jpg\" rel=\"lightbox[1135]\"><img decoding=\"async\" loading=\"lazy\" width=\"398\" height=\"600\" src=\"https:\/\/sherichang.com\/wp-content\/uploads\/2020\/07\/DSC_0133_resized-rotated-e1593727270635-398x600.jpg\" alt=\"\" class=\"wp-image-1034\" srcset=\"https:\/\/sherichang.com\/wp-content\/uploads\/2020\/07\/DSC_0133_resized-rotated-e1593727270635-398x600.jpg 398w, https:\/\/sherichang.com\/wp-content\/uploads\/2020\/07\/DSC_0133_resized-rotated-e1593727270635-332x500.jpg 332w, https:\/\/sherichang.com\/wp-content\/uploads\/2020\/07\/DSC_0133_resized-rotated-e1593727270635-531x800.jpg 531w, https:\/\/sherichang.com\/wp-content\/uploads\/2020\/07\/DSC_0133_resized-rotated-e1593727270635.jpg 680w\" sizes=\"(max-width: 398px) 100vw, 398px\" \/><\/a><\/figure>\n\n\n\n<figure class=\"wp-block-image size-medium\"><a href=\"https:\/\/sherichang.com\/wp-content\/uploads\/2020\/07\/DSC_0137-scaled.jpg\" rel=\"lightbox[1135]\"><img decoding=\"async\" loading=\"lazy\" width=\"399\" height=\"600\" src=\"https:\/\/sherichang.com\/wp-content\/uploads\/2020\/07\/DSC_0137-399x600.jpg\" alt=\"\" class=\"wp-image-1049\" srcset=\"https:\/\/sherichang.com\/wp-content\/uploads\/2020\/07\/DSC_0137-399x600.jpg 399w, https:\/\/sherichang.com\/wp-content\/uploads\/2020\/07\/DSC_0137-680x1024.jpg 680w, https:\/\/sherichang.com\/wp-content\/uploads\/2020\/07\/DSC_0137-768x1156.jpg 768w, https:\/\/sherichang.com\/wp-content\/uploads\/2020\/07\/DSC_0137-332x500.jpg 332w, https:\/\/sherichang.com\/wp-content\/uploads\/2020\/07\/DSC_0137-531x800.jpg 531w, https:\/\/sherichang.com\/wp-content\/uploads\/2020\/07\/DSC_0137-850x1280.jpg 850w, https:\/\/sherichang.com\/wp-content\/uploads\/2020\/07\/DSC_0137-1275x1920.jpg 1275w, https:\/\/sherichang.com\/wp-content\/uploads\/2020\/07\/DSC_0137-1020x1536.jpg 1020w, https:\/\/sherichang.com\/wp-content\/uploads\/2020\/07\/DSC_0137-1360x2048.jpg 1360w, https:\/\/sherichang.com\/wp-content\/uploads\/2020\/07\/DSC_0137-scaled.jpg 1700w\" sizes=\"(max-width: 399px) 100vw, 399px\" \/><\/a><\/figure>\n\n\n\n<figure class=\"wp-block-image size-medium\"><a href=\"https:\/\/sherichang.com\/wp-content\/uploads\/2020\/07\/DSC_0131-3-scaled.jpg\" rel=\"lightbox[1135]\"><img decoding=\"async\" loading=\"lazy\" width=\"600\" height=\"399\" src=\"https:\/\/sherichang.com\/wp-content\/uploads\/2020\/07\/DSC_0131-3-600x399.jpg\" alt=\"\" class=\"wp-image-1033\" srcset=\"https:\/\/sherichang.com\/wp-content\/uploads\/2020\/07\/DSC_0131-3-600x399.jpg 600w, https:\/\/sherichang.com\/wp-content\/uploads\/2020\/07\/DSC_0131-3-1024x680.jpg 1024w, https:\/\/sherichang.com\/wp-content\/uploads\/2020\/07\/DSC_0131-3-768x510.jpg 768w, https:\/\/sherichang.com\/wp-content\/uploads\/2020\/07\/DSC_0131-3-500x332.jpg 500w, https:\/\/sherichang.com\/wp-content\/uploads\/2020\/07\/DSC_0131-3-800x531.jpg 800w, https:\/\/sherichang.com\/wp-content\/uploads\/2020\/07\/DSC_0131-3-1280x850.jpg 1280w, https:\/\/sherichang.com\/wp-content\/uploads\/2020\/07\/DSC_0131-3-1920x1275.jpg 1920w, https:\/\/sherichang.com\/wp-content\/uploads\/2020\/07\/DSC_0131-3-1536x1020.jpg 1536w, https:\/\/sherichang.com\/wp-content\/uploads\/2020\/07\/DSC_0131-3-2048x1360.jpg 2048w\" sizes=\"(max-width: 600px) 100vw, 600px\" \/><\/a><\/figure>\n<\/figure>\n\n\n\n<div style=\"height:20px\" aria-hidden=\"true\" class=\"wp-block-spacer\"><\/div>\n\n\n\n<figure class=\"wp-block-embed aligncenter is-type-video is-provider-youtube wp-block-embed-youtube wp-embed-aspect-16-9 wp-has-aspect-ratio\"><div class=\"wp-block-embed__wrapper\">\n<iframe loading=\"lazy\" title=\"7 jours \u00e0 Nanterre : hebdo 17 d\u00e9cembre 2018\" width=\"900\" height=\"506\" src=\"https:\/\/www.youtube.com\/embed\/w3euPUEUa40?start=274&#038;feature=oembed\" frameborder=\"0\" allow=\"accelerometer; autoplay; clipboard-write; encrypted-media; gyroscope; picture-in-picture; web-share\" allowfullscreen><\/iframe>\n<\/div><\/figure>\n\n\n\n<hr class=\"wp-block-separator has-css-opacity\"\/>\n\n\n\n<h2 class=\"wp-block-heading\">Installation d&#8217;un mobile &#8220;Ginkgo&#8221; lors d&#8217;une r\u00e9ception familiale &#8211; Metz, Moselle<\/h2>\n<\/div><\/div>\n<\/div><\/div>\n\n\n\n<figure class=\"wp-block-video\"><video controls src=\"https:\/\/sherichang.com\/wp-content\/uploads\/2020\/07\/WhatsApp-Video-2020-07-03-at-00.28.17.mp4\"><\/video><\/figure>\n\n\n\n<figure class=\"wp-block-gallery has-nested-images columns-default is-cropped wp-block-gallery-5 is-layout-flex\">\n<figure class=\"wp-block-image size-large\"><a href=\"https:\/\/sherichang.com\/wp-content\/uploads\/2020\/07\/WhatsApp-Image-2020-07-03-at-00.28.14.jpeg\" rel=\"lightbox[1135]\"><img decoding=\"async\" loading=\"lazy\" width=\"1024\" height=\"768\" data-id=\"1057\"  src=\"https:\/\/sherichang.com\/wp-content\/uploads\/2020\/07\/WhatsApp-Image-2020-07-03-at-00.28.14.jpeg\" alt=\"\" class=\"wp-image-1057\" srcset=\"https:\/\/sherichang.com\/wp-content\/uploads\/2020\/07\/WhatsApp-Image-2020-07-03-at-00.28.14.jpeg 1024w, https:\/\/sherichang.com\/wp-content\/uploads\/2020\/07\/WhatsApp-Image-2020-07-03-at-00.28.14-600x450.jpeg 600w, https:\/\/sherichang.com\/wp-content\/uploads\/2020\/07\/WhatsApp-Image-2020-07-03-at-00.28.14-768x576.jpeg 768w, https:\/\/sherichang.com\/wp-content\/uploads\/2020\/07\/WhatsApp-Image-2020-07-03-at-00.28.14-500x375.jpeg 500w, https:\/\/sherichang.com\/wp-content\/uploads\/2020\/07\/WhatsApp-Image-2020-07-03-at-00.28.14-800x600.jpeg 800w\" sizes=\"(max-width: 1024px) 100vw, 1024px\" \/><\/a><\/figure>\n\n\n\n<figure class=\"wp-block-image size-large\"><a href=\"https:\/\/sherichang.com\/wp-content\/uploads\/2020\/07\/WhatsApp-Image-2020-07-03-at-00.28.14-1.jpeg\" rel=\"lightbox[1135]\"><img decoding=\"async\" loading=\"lazy\" width=\"1024\" height=\"768\" data-id=\"1056\"  src=\"https:\/\/sherichang.com\/wp-content\/uploads\/2020\/07\/WhatsApp-Image-2020-07-03-at-00.28.14-1.jpeg\" alt=\"\" class=\"wp-image-1056\" srcset=\"https:\/\/sherichang.com\/wp-content\/uploads\/2020\/07\/WhatsApp-Image-2020-07-03-at-00.28.14-1.jpeg 1024w, https:\/\/sherichang.com\/wp-content\/uploads\/2020\/07\/WhatsApp-Image-2020-07-03-at-00.28.14-1-600x450.jpeg 600w, https:\/\/sherichang.com\/wp-content\/uploads\/2020\/07\/WhatsApp-Image-2020-07-03-at-00.28.14-1-768x576.jpeg 768w, https:\/\/sherichang.com\/wp-content\/uploads\/2020\/07\/WhatsApp-Image-2020-07-03-at-00.28.14-1-500x375.jpeg 500w, https:\/\/sherichang.com\/wp-content\/uploads\/2020\/07\/WhatsApp-Image-2020-07-03-at-00.28.14-1-800x600.jpeg 800w\" sizes=\"(max-width: 1024px) 100vw, 1024px\" \/><\/a><\/figure>\n<\/figure>\n\n\n\n<div style=\"height:20px\" aria-hidden=\"true\" class=\"wp-block-spacer\"><\/div>\n\n\n\n<figure class=\"wp-block-image size-large\"><a href=\"https:\/\/sherichang.com\/wp-content\/uploads\/2020\/07\/50-ans-1.jpg\" rel=\"lightbox[1135]\"><img decoding=\"async\" loading=\"lazy\" width=\"1024\" height=\"576\" src=\"https:\/\/sherichang.com\/wp-content\/uploads\/2020\/07\/50-ans-1-1024x576.jpg\" alt=\"\" class=\"wp-image-1059\" srcset=\"https:\/\/sherichang.com\/wp-content\/uploads\/2020\/07\/50-ans-1-1024x576.jpg 1024w, https:\/\/sherichang.com\/wp-content\/uploads\/2020\/07\/50-ans-1-600x337.jpg 600w, https:\/\/sherichang.com\/wp-content\/uploads\/2020\/07\/50-ans-1-768x432.jpg 768w, https:\/\/sherichang.com\/wp-content\/uploads\/2020\/07\/50-ans-1-500x281.jpg 500w, https:\/\/sherichang.com\/wp-content\/uploads\/2020\/07\/50-ans-1-800x450.jpg 800w, https:\/\/sherichang.com\/wp-content\/uploads\/2020\/07\/50-ans-1-1280x720.jpg 1280w, https:\/\/sherichang.com\/wp-content\/uploads\/2020\/07\/50-ans-1.jpg 1366w\" sizes=\"(max-width: 1024px) 100vw, 1024px\" \/><\/a><\/figure>\n\n\n\n<hr class=\"wp-block-separator has-css-opacity\"\/>\n\n\n\n<div class=\"wp-block-group is-layout-flow\"><div class=\"wp-block-group__inner-container\">\n<h2 class=\"wp-block-heading\">Installation \u00e0 l&#8217;office de tourisme de Nanterre<\/h2>\n<\/div><\/div>\n\n\n\n<figure class=\"wp-block-image size-large is-resized\"><a href=\"https:\/\/sherichang.com\/wp-content\/uploads\/2020\/07\/DSC_0113-1-scaled.jpg\" rel=\"lightbox[1135]\"><img decoding=\"async\" loading=\"lazy\" src=\"https:\/\/sherichang.com\/wp-content\/uploads\/2020\/07\/DSC_0113-1-1024x680.jpg\" alt=\"\" class=\"wp-image-1004\" width=\"768\" height=\"510\" srcset=\"https:\/\/sherichang.com\/wp-content\/uploads\/2020\/07\/DSC_0113-1-1024x680.jpg 1024w, https:\/\/sherichang.com\/wp-content\/uploads\/2020\/07\/DSC_0113-1-600x399.jpg 600w, https:\/\/sherichang.com\/wp-content\/uploads\/2020\/07\/DSC_0113-1-768x510.jpg 768w, https:\/\/sherichang.com\/wp-content\/uploads\/2020\/07\/DSC_0113-1-500x332.jpg 500w, https:\/\/sherichang.com\/wp-content\/uploads\/2020\/07\/DSC_0113-1-800x531.jpg 800w, https:\/\/sherichang.com\/wp-content\/uploads\/2020\/07\/DSC_0113-1-1280x850.jpg 1280w, https:\/\/sherichang.com\/wp-content\/uploads\/2020\/07\/DSC_0113-1-1920x1275.jpg 1920w, https:\/\/sherichang.com\/wp-content\/uploads\/2020\/07\/DSC_0113-1-1536x1020.jpg 1536w, https:\/\/sherichang.com\/wp-content\/uploads\/2020\/07\/DSC_0113-1-2048x1360.jpg 2048w\" sizes=\"(max-width: 768px) 100vw, 768px\" \/><\/a><\/figure>\n","protected":false},"excerpt":{"rendered":"<p>Expositions \u00e0 l&#8217;Office de Tourisme de Nanterre Installation d&#8217;un mobile &#8220;Ginkgo&#8221; lors d&#8217;une r\u00e9ception familiale &#8211; Metz, Moselle Installation \u00e0&hellip;<\/p>\n","protected":false},"author":1,"featured_media":0,"parent":0,"menu_order":0,"comment_status":"closed","ping_status":"closed","template":"","meta":{"_vp_format_video_url":"","_vp_image_focal_point":[]},"_links":{"self":[{"href":"https:\/\/sherichang.com\/index.php?rest_route=\/wp\/v2\/pages\/1135"}],"collection":[{"href":"https:\/\/sherichang.com\/index.php?rest_route=\/wp\/v2\/pages"}],"about":[{"href":"https:\/\/sherichang.com\/index.php?rest_route=\/wp\/v2\/types\/page"}],"author":[{"embeddable":true,"href":"https:\/\/sherichang.com\/index.php?rest_route=\/wp\/v2\/users\/1"}],"replies":[{"embeddable":true,"href":"https:\/\/sherichang.com\/index.php?rest_route=%2Fwp%2Fv2%2Fcomments&post=1135"}],"version-history":[{"count":6,"href":"https:\/\/sherichang.com\/index.php?rest_route=\/wp\/v2\/pages\/1135\/revisions"}],"predecessor-version":[{"id":1189,"href":"https:\/\/sherichang.com\/index.php?rest_route=\/wp\/v2\/pages\/1135\/revisions\/1189"}],"wp:attachment":[{"href":"https:\/\/sherichang.com\/index.php?rest_route=%2Fwp%2Fv2%2Fmedia&parent=1135"}],"curies":[{"name":"wp","href":"https:\/\/api.w.org\/{rel}","templated":true}]}}